{"id":322,"date":"2023-02-22T10:17:55","date_gmt":"2023-02-22T13:17:55","guid":{"rendered":"https:\/\/centroplazaitalia.cl\/wordpress\/?page_id=322"},"modified":"2023-02-22T10:17:55","modified_gmt":"2023-02-22T13:17:55","slug":"vitalscan","status":"publish","type":"page","link":"https:\/\/centroplazaitalia.cl\/wordpress\/index.php\/vitalscan\/","title":{"rendered":"VitalScan"},"content":{"rendered":"\n<p>Examen no invasivo que permite descubrir alteraciones y enfermedades que hasta ahora han permanecido ocultas. <\/p>\n\n\n\n<p>Permite detectar:<\/p>\n\n\n\n<ul class=\"wp-block-list\"><li>Hipertensi\u00f3n<\/li><li>Anomal\u00edas vasculares<\/li><li>Infartos card\u00edacos silenciosos<\/li><li>Alteraciones de nervios<\/li><li>Disautonom\u00eda y desmayos<\/li><li>Otros<\/li><\/ul>\n\n\n\n<p>Aprobado por la FDA<\/p>\n","protected":false},"excerpt":{"rendered":"<p>Examen no invasivo que permite descubrir alteraciones y enfermedades que hasta ahora han permanecido ocultas. Permite detectar: Hipertensi\u00f3n Anomal\u00edas vasculares Infartos card\u00edacos silenciosos Alteraciones de nervios Disautonom\u00eda y desmayos Otros Aprobado por la FDA<\/p>\n","protected":false},"author":1,"featured_media":0,"parent":0,"menu_order":0,"comment_status":"closed","ping_status":"closed","template":"","meta":{"footnotes":""},"class_list":["post-322","page","type-page","status-publish","hentry"],"jetpack_sharing_enabled":true,"_links":{"self":[{"href":"https:\/\/centroplazaitalia.cl\/wordpress\/index.php\/wp-json\/wp\/v2\/pages\/322","targetHints":{"allow":["GET"]}}],"collection":[{"href":"https:\/\/centroplazaitalia.cl\/wordpress\/index.php\/wp-json\/wp\/v2\/pages"}],"about":[{"href":"https:\/\/centroplazaitalia.cl\/wordpress\/index.php\/wp-json\/wp\/v2\/types\/page"}],"author":[{"embeddable":true,"href":"https:\/\/centroplazaitalia.cl\/wordpress\/index.php\/wp-json\/wp\/v2\/users\/1"}],"replies":[{"embeddable":true,"href":"https:\/\/centroplazaitalia.cl\/wordpress\/index.php\/wp-json\/wp\/v2\/comments?post=322"}],"version-history":[{"count":1,"href":"https:\/\/centroplazaitalia.cl\/wordpress\/index.php\/wp-json\/wp\/v2\/pages\/322\/revisions"}],"predecessor-version":[{"id":323,"href":"https:\/\/centroplazaitalia.cl\/wordpress\/index.php\/wp-json\/wp\/v2\/pages\/322\/revisions\/323"}],"wp:attachment":[{"href":"https:\/\/centroplazaitalia.cl\/wordpress\/index.php\/wp-json\/wp\/v2\/media?parent=322"}],"curies":[{"name":"wp","href":"https:\/\/api.w.org\/{rel}","templated":true}]}}