{"id":320,"date":"2023-02-22T10:14:22","date_gmt":"2023-02-22T13:14:22","guid":{"rendered":"https:\/\/centroplazaitalia.cl\/wordpress\/?page_id=320"},"modified":"2023-02-22T10:14:22","modified_gmt":"2023-02-22T13:14:22","slug":"neuralscan","status":"publish","type":"page","link":"https:\/\/centroplazaitalia.cl\/wordpress\/index.php\/neuralscan\/","title":{"rendered":"NeuralScan"},"content":{"rendered":"\n<p>Consiste en un examen no invasivo que entrega una medici\u00f3n funcional objetiva del cerebro y cognici\u00f3n.<\/p>\n\n\n\n<p>Permite detectar:<\/p>\n\n\n\n<ul class=\"wp-block-list\"><li>P\u00e9rdida de memoria precoz<\/li><li>Problemas para dormir<\/li><li>Ansiedad <\/li><li>Problemas cognitivos<\/li><li>Otros<\/li><\/ul>\n\n\n\n<p>Aprobado por la FDA<\/p>\n","protected":false},"excerpt":{"rendered":"<p>Consiste en un examen no invasivo que entrega una medici\u00f3n funcional objetiva del cerebro y cognici\u00f3n. Permite detectar: P\u00e9rdida de memoria precoz Problemas para dormir Ansiedad Problemas cognitivos Otros Aprobado por la FDA<\/p>\n","protected":false},"author":1,"featured_media":0,"parent":0,"menu_order":0,"comment_status":"closed","ping_status":"closed","template":"","meta":{"footnotes":""},"class_list":["post-320","page","type-page","status-publish","hentry"],"jetpack_sharing_enabled":true,"_links":{"self":[{"href":"https:\/\/centroplazaitalia.cl\/wordpress\/index.php\/wp-json\/wp\/v2\/pages\/320","targetHints":{"allow":["GET"]}}],"collection":[{"href":"https:\/\/centroplazaitalia.cl\/wordpress\/index.php\/wp-json\/wp\/v2\/pages"}],"about":[{"href":"https:\/\/centroplazaitalia.cl\/wordpress\/index.php\/wp-json\/wp\/v2\/types\/page"}],"author":[{"embeddable":true,"href":"https:\/\/centroplazaitalia.cl\/wordpress\/index.php\/wp-json\/wp\/v2\/users\/1"}],"replies":[{"embeddable":true,"href":"https:\/\/centroplazaitalia.cl\/wordpress\/index.php\/wp-json\/wp\/v2\/comments?post=320"}],"version-history":[{"count":1,"href":"https:\/\/centroplazaitalia.cl\/wordpress\/index.php\/wp-json\/wp\/v2\/pages\/320\/revisions"}],"predecessor-version":[{"id":321,"href":"https:\/\/centroplazaitalia.cl\/wordpress\/index.php\/wp-json\/wp\/v2\/pages\/320\/revisions\/321"}],"wp:attachment":[{"href":"https:\/\/centroplazaitalia.cl\/wordpress\/index.php\/wp-json\/wp\/v2\/media?parent=320"}],"curies":[{"name":"wp","href":"https:\/\/api.w.org\/{rel}","templated":true}]}}