{"id":289,"date":"2023-02-16T23:41:04","date_gmt":"2023-02-17T02:41:04","guid":{"rendered":"http:\/\/centroplazaitalia.cl\/wordpress\/?page_id=289"},"modified":"2023-03-18T00:16:56","modified_gmt":"2023-03-18T03:16:56","slug":"examenes-online","status":"publish","type":"page","link":"https:\/\/centroplazaitalia.cl\/wordpress\/index.php\/examenes-online\/","title":{"rendered":"Resultados online"},"content":{"rendered":"\n<h2 class=\"wp-block-heading\">Im\u00e1genes e informes en l\u00ednea<\/h2>\n\n\n\n<p><\/p>\n\n\n<div class=\"frm_forms  with_frm_style frm_style_formidable-style\" id=\"frm_form_3_container\" data-token=\"36e61b82458ec55aaee71ae5e33f19c0\">\n<form enctype=\"multipart\/form-data\" method=\"post\" class=\"frm-show-form \" id=\"form_examenform2\" data-token=\"36e61b82458ec55aaee71ae5e33f19c0\">\n<div class=\"frm_form_fields \">\n<fieldset>\n<legend class=\"frm_screen_reader\">examen form<\/legend>\r\n\r\n<div class=\"frm_fields_container\">\n<input type=\"hidden\" name=\"frm_action\" value=\"create\" \/>\n<input type=\"hidden\" name=\"form_id\" value=\"3\" \/>\n<input type=\"hidden\" name=\"frm_hide_fields_3\" id=\"frm_hide_fields_3\" value=\"\" \/>\n<input type=\"hidden\" name=\"form_key\" value=\"examenform2\" \/>\n<input type=\"hidden\" name=\"item_meta[0]\" value=\"\" \/>\n<input type=\"hidden\" id=\"frm_submit_entry_3\" name=\"frm_submit_entry_3\" value=\"ff427676f1\" \/><input type=\"hidden\" name=\"_wp_http_referer\" value=\"\/wordpress\/index.php\/wp-json\/wp\/v2\/pages\/289\" \/><div id=\"frm_field_13_container\" class=\"frm_form_field form-field  frm_required_field frm_top_container frm6 frm_first\">\r\n    <label for=\"field_w5naz\" id=\"field_w5naz_label\" class=\"frm_primary_label\">Rut\r\n        <span class=\"frm_required\" aria-hidden=\"true\">*<\/span>\r\n    <\/label>\r\n    <input type=\"text\" id=\"field_w5naz\" name=\"item_meta[13]\" value=\"\"  placeholder=\"Sin puntos con guion\" data-reqmsg=\"Rut cannot be blank.\" aria-required=\"true\" data-invmsg=\"Text is invalid\" aria-invalid=\"false\" pattern=\"\\d{7,8}-[0-9kK]$\"  \/>\r\n    \r\n    \r\n<\/div>\n<div id=\"frm_field_14_container\" class=\"frm_form_field form-field  frm_required_field frm_top_container frm6\">\r\n    <label for=\"field_lxa9x\" id=\"field_lxa9x_label\" class=\"frm_primary_label\">Folio del examen\r\n        <span class=\"frm_required\" aria-hidden=\"true\">*<\/span>\r\n    <\/label>\r\n    <input type=\"text\" id=\"field_lxa9x\" name=\"item_meta[14]\" value=\"\"  placeholder=\"N\u00famero de 5 digitos\" data-reqmsg=\"Folio del examen cannot be blank.\" aria-required=\"true\" data-invmsg=\"Text is invalid\" aria-invalid=\"false\"  \/>\r\n    \r\n    \r\n<\/div>\n<div id=\"frm_field_15_container\" class=\"frm_form_field  frm_html_container form-field\"><script>(function(){const input=document.getElementById('field_w5naz')||document.querySelector('input[id^=\"field_\"][name*=\"w5naz\"]')||document.querySelector('input[name*=\"w5naz\"]');if(!input)return;function clean(v){return(String(v||'')).replace(\/[^0-9kK]\/g,'').toLowerCase();}function formatNoDotsWithHyphen(v){const c=clean(v);if(c.length<=1)return c;return c.slice(0,-1)+'-'+c.slice(-1);}function dvValido(rutRaw){const c=clean(rutRaw);if(c.length<2)return false;const cuerpo=c.slice(0,-1);const dv=c.slice(-1);let suma=0,mult=2;for(let i=cuerpo.length-1;i>=0;i--){suma+=parseInt(cuerpo.charAt(i),10)*mult;mult=mult===7?2:mult+1;}const mod=11-(suma%11);const dvExp=mod===11?'0':mod===10?'k':String(mod);return dv===dvExp;}function showError(msg){const container=input.closest('.frm_form_field')||input.parentNode;let err=container.querySelector('.frm_error_custom');if(!err){err=document.createElement('div');err.className='frm_error frm_error_custom';err.setAttribute('role','alert');err.style.color='#b00020';err.style.marginTop='6px';container.appendChild(err);}err.textContent=msg;}function clearError(){const container=input.closest('.frm_form_field')||input.parentNode;const err=container.querySelector('.frm_error_custom');if(err)err.remove();}input.addEventListener('input',function(){const formatted=formatNoDotsWithHyphen(input.value);input.value=formatted;input.selectionStart=input.selectionEnd=input.value.length;clearError();});input.addEventListener('blur',function(){const c=clean(input.value);if(c.length<2){showError('Formato RUT inv\u00e1lido. Revisa el n\u00famero.');return;}if(!dvValido(input.value)){showError('D\u00edgito verificador (DV) incorrecto.');return;}input.value=formatNoDotsWithHyphen(input.value);clearError();});const form=input.closest('form');if(form){form.addEventListener('submit',function(e){const c=clean(input.value);if(c.length<2||!dvValido(input.value)){e.preventDefault();showError('RUT inv\u00e1lido. Corrija antes de enviar.');input.focus();}});} })();<\/script><\/div>\n\t<input type=\"hidden\" name=\"item_key\" value=\"\" \/>\n\t\t\t<div id=\"frm_field_16_container\">\n\t\t\t<label for=\"field_5nm4g\" >\n\t\t\t\tIf you are human, leave this field blank.\t\t\t<\/label>\n\t\t\t<input  id=\"field_5nm4g\" type=\"text\" class=\"frm_form_field form-field frm_verify\" name=\"item_meta[16]\" value=\"\"  \/>\n\t\t<\/div>\n\t\t<input name=\"frm_state\" type=\"hidden\" value=\"5pRaVkTLmBgNSmAzXgxWss2hqsADLIcUqpJfMeqok7k=\" \/><div class=\"frm_submit\">\r\n\r\n<button class=\"frm_button_submit\" type=\"submit\"  >Buscar<\/button>\r\n\r\n\r\n<\/div><\/div>\n<\/fieldset>\n<\/div>\n\n<p style=\"display: none !important;\" class=\"akismet-fields-container\" data-prefix=\"ak_\"><label>&#916;<textarea name=\"ak_hp_textarea\" cols=\"45\" rows=\"8\" maxlength=\"100\"><\/textarea><\/label><input type=\"hidden\" id=\"ak_js_1\" name=\"ak_js\" value=\"124\"\/><script type=\"text\/javascript\">\n\/* <![CDATA[ *\/\ndocument.getElementById( \"ak_js_1\" ).setAttribute( \"value\", ( new Date() ).getTime() );\n\/* ]]> *\/\n<\/script>\n<\/p><\/form>\n<\/div>\n\n\n\n<p><\/p>\n","protected":false},"excerpt":{"rendered":"<p>Im\u00e1genes e informes en l\u00ednea<\/p>\n","protected":false},"author":1,"featured_media":0,"parent":0,"menu_order":0,"comment_status":"closed","ping_status":"closed","template":"","meta":{"footnotes":""},"class_list":["post-289","page","type-page","status-publish","hentry"],"jetpack_sharing_enabled":true,"_links":{"self":[{"href":"https:\/\/centroplazaitalia.cl\/wordpress\/index.php\/wp-json\/wp\/v2\/pages\/289","targetHints":{"allow":["GET"]}}],"collection":[{"href":"https:\/\/centroplazaitalia.cl\/wordpress\/index.php\/wp-json\/wp\/v2\/pages"}],"about":[{"href":"https:\/\/centroplazaitalia.cl\/wordpress\/index.php\/wp-json\/wp\/v2\/types\/page"}],"author":[{"embeddable":true,"href":"https:\/\/centroplazaitalia.cl\/wordpress\/index.php\/wp-json\/wp\/v2\/users\/1"}],"replies":[{"embeddable":true,"href":"https:\/\/centroplazaitalia.cl\/wordpress\/index.php\/wp-json\/wp\/v2\/comments?post=289"}],"version-history":[{"count":50,"href":"https:\/\/centroplazaitalia.cl\/wordpress\/index.php\/wp-json\/wp\/v2\/pages\/289\/revisions"}],"predecessor-version":[{"id":386,"href":"https:\/\/centroplazaitalia.cl\/wordpress\/index.php\/wp-json\/wp\/v2\/pages\/289\/revisions\/386"}],"wp:attachment":[{"href":"https:\/\/centroplazaitalia.cl\/wordpress\/index.php\/wp-json\/wp\/v2\/media?parent=289"}],"curies":[{"name":"wp","href":"https:\/\/api.w.org\/{rel}","templated":true}]}}