{"id":128,"date":"2020-03-05T03:06:12","date_gmt":"2020-03-05T06:06:12","guid":{"rendered":"http:\/\/centroplazaitalia.cl\/wordpress\/?page_id=128"},"modified":"2020-07-29T01:24:14","modified_gmt":"2020-07-29T04:24:14","slug":"ecografias","status":"publish","type":"page","link":"https:\/\/centroplazaitalia.cl\/wordpress\/index.php\/ecografias\/","title":{"rendered":"Ecograf\u00edas"},"content":{"rendered":"<p><a href=\"\">Ecograf\u00eda Abdominal<\/a><\/p>\n<p>C\u00f3digo Fonasa: 04-04-003<\/p>\n<p>Preparaci\u00f3n: Ayuno de 6 horas<\/p>\n<p><a href=\"\">Ecograf\u00eda Renal<\/a><\/p>\n<p>C\u00f3digo Fonasa: 04-04-010<\/p>\n<p>Preparaci\u00f3n: ninguna<\/p>\n<p><a href=\"\">Eco. Obste. o Ginecol\u00f3gica<\/a><\/p>\n<p>C\u00f3digo Fonasa: 04-04-006<\/p>\n<p>Preparaci\u00f3n: ninguna<\/p>\n<p><a href=\"\">Eco. V\u00e9sico &#8211; Prost\u00e1tica<\/a><\/p>\n<p>C\u00f3digo Fonasa: 04-04-009<\/p>\n<p>Preparaci\u00f3n: ninguna<\/p>\n<p><a href=\"\">Ecograf\u00eda Tiroidea<\/a><\/p>\n<p>C\u00f3digo Fonasa: 04-04-015<\/p>\n<p>Preparaci\u00f3n: ninguna<\/p>\n<p><a href=\"\">Ecograf\u00eda Mamaria<\/a><\/p>\n<p>C\u00f3digo Fonasa: 04-04-012<\/p>\n<p>Preparaci\u00f3n: ninguna<\/p>\n<p><a href=\"\">Ecograf\u00eda Testicular<\/a><\/p>\n<p>C\u00f3digo Fonasa: 04-04-014<\/p>\n<p>Preparaci\u00f3n: ninguna<\/p>\n<p><a href=\"\">Ecograf\u00eda Transvaginal<\/a><\/p>\n<p>C\u00f3digo Fonasa: 04-04-005<\/p>\n<p>Preparaci\u00f3n: ninguna<\/p>\n<p><a href=\"\">Ecograf\u00eda Transrectal<\/a><\/p>\n<p>C\u00f3digo Fonasa: 04-04-005<\/p>\n<p>Preparaci\u00f3n: ninguna<\/p>\n<p><a href=\"\">Eco. Apoyo a Procedimiento<\/a><\/p>\n<p>C\u00f3digo Fonasa: 04-04-004<\/p>\n<p>Preparaci\u00f3n: ninguna<\/p>\n<p><a href=\"\">Eco. Partes Blandas<\/a><\/p>\n<p>C\u00f3digo Fonasa: 04-04-016<\/p>\n<p>Preparaci\u00f3n: ninguna<\/p>\n","protected":false},"excerpt":{"rendered":"<p>Ecograf\u00eda Abdominal C\u00f3digo Fonasa: 04-04-003 Preparaci\u00f3n: Ayuno de 6 horas Ecograf\u00eda Renal C\u00f3digo Fonasa: 04-04-010 Preparaci\u00f3n: ninguna Eco. Obste. o Ginecol\u00f3gica C\u00f3digo Fonasa: 04-04-006 Preparaci\u00f3n: ninguna Eco. V\u00e9sico &#8211; Prost\u00e1tica C\u00f3digo Fonasa: 04-04-009 Preparaci\u00f3n: ninguna Ecograf\u00eda Tiroidea C\u00f3digo Fonasa: 04-04-015 Preparaci\u00f3n: ninguna Ecograf\u00eda Mamaria C\u00f3digo Fonasa: 04-04-012 Preparaci\u00f3n: ninguna Ecograf\u00eda Testicular C\u00f3digo Fonasa: 04-04-014 Preparaci\u00f3n:\u2026 <span class=\"read-more\"><a href=\"https:\/\/centroplazaitalia.cl\/wordpress\/index.php\/ecografias\/\">Read More &raquo;<\/a><\/span><\/p>\n","protected":false},"author":1,"featured_media":0,"parent":0,"menu_order":0,"comment_status":"closed","ping_status":"closed","template":"","meta":{"footnotes":""},"class_list":["post-128","page","type-page","status-publish","hentry"],"jetpack_sharing_enabled":true,"_links":{"self":[{"href":"https:\/\/centroplazaitalia.cl\/wordpress\/index.php\/wp-json\/wp\/v2\/pages\/128","targetHints":{"allow":["GET"]}}],"collection":[{"href":"https:\/\/centroplazaitalia.cl\/wordpress\/index.php\/wp-json\/wp\/v2\/pages"}],"about":[{"href":"https:\/\/centroplazaitalia.cl\/wordpress\/index.php\/wp-json\/wp\/v2\/types\/page"}],"author":[{"embeddable":true,"href":"https:\/\/centroplazaitalia.cl\/wordpress\/index.php\/wp-json\/wp\/v2\/users\/1"}],"replies":[{"embeddable":true,"href":"https:\/\/centroplazaitalia.cl\/wordpress\/index.php\/wp-json\/wp\/v2\/comments?post=128"}],"version-history":[{"count":3,"href":"https:\/\/centroplazaitalia.cl\/wordpress\/index.php\/wp-json\/wp\/v2\/pages\/128\/revisions"}],"predecessor-version":[{"id":266,"href":"https:\/\/centroplazaitalia.cl\/wordpress\/index.php\/wp-json\/wp\/v2\/pages\/128\/revisions\/266"}],"wp:attachment":[{"href":"https:\/\/centroplazaitalia.cl\/wordpress\/index.php\/wp-json\/wp\/v2\/media?parent=128"}],"curies":[{"name":"wp","href":"https:\/\/api.w.org\/{rel}","templated":true}]}}