{"id":12,"date":"2020-03-04T16:27:08","date_gmt":"2020-03-04T19:27:08","guid":{"rendered":"http:\/\/centroplazaitalia.cl\/wordpress\/?page_id=12"},"modified":"2020-03-09T18:48:19","modified_gmt":"2020-03-09T21:48:19","slug":"sobre-nosotros","status":"publish","type":"page","link":"https:\/\/centroplazaitalia.cl\/wordpress\/index.php\/sobre-nosotros\/","title":{"rendered":"Sobre Nosotros"},"content":{"rendered":"\t\t<div data-elementor-type=\"wp-page\" data-elementor-id=\"12\" class=\"elementor elementor-12\">\n\t\t\t\t\t\t<section class=\"elementor-section elementor-top-section elementor-element elementor-element-48e49b5 elementor-section-boxed elementor-section-height-default elementor-section-height-default\" data-id=\"48e49b5\" data-element_type=\"section\" data-e-type=\"section\">\n\t\t\t\t\t\t<div class=\"elementor-container elementor-column-gap-default\">\n\t\t\t\t\t<div class=\"elementor-column elementor-col-100 elementor-top-column elementor-element elementor-element-74851f9\" data-id=\"74851f9\" data-element_type=\"column\" data-e-type=\"column\">\n\t\t\t<div class=\"elementor-widget-wrap elementor-element-populated\">\n\t\t\t\t\t\t<div class=\"elementor-element elementor-element-8c8fe0c elementor-widget elementor-widget-image\" data-id=\"8c8fe0c\" data-element_type=\"widget\" data-e-type=\"widget\" data-widget_type=\"image.default\">\n\t\t\t\t<div class=\"elementor-widget-container\">\n\t\t\t\t\t\t\t\t\t\t\t\t\t\t\t<img fetchpriority=\"high\" decoding=\"async\" width=\"665\" height=\"236\" src=\"https:\/\/centroplazaitalia.cl\/wordpress\/wp-content\/uploads\/2020\/03\/fondo.png\" class=\"attachment-large size-large wp-image-222\" alt=\"\" srcset=\"https:\/\/centroplazaitalia.cl\/wordpress\/wp-content\/uploads\/2020\/03\/fondo.png 960w, https:\/\/centroplazaitalia.cl\/wordpress\/wp-content\/uploads\/2020\/03\/fondo-300x107.png 300w, https:\/\/centroplazaitalia.cl\/wordpress\/wp-content\/uploads\/2020\/03\/fondo-768x273.png 768w, https:\/\/centroplazaitalia.cl\/wordpress\/wp-content\/uploads\/2020\/03\/fondo-660x234.png 660w\" sizes=\"(max-width: 665px) 100vw, 665px\" \/>\t\t\t\t\t\t\t\t\t\t\t\t\t\t\t<\/div>\n\t\t\t\t<\/div>\n\t\t\t\t\t<\/div>\n\t\t<\/div>\n\t\t\t\t\t<\/div>\n\t\t<\/section>\n\t\t\t\t<section class=\"elementor-section elementor-top-section elementor-element elementor-element-62fea96 elementor-section-boxed elementor-section-height-default elementor-section-height-default\" data-id=\"62fea96\" data-element_type=\"section\" data-e-type=\"section\">\n\t\t\t\t\t\t<div class=\"elementor-container elementor-column-gap-default\">\n\t\t\t\t\t<div class=\"elementor-column elementor-col-100 elementor-top-column elementor-element elementor-element-37e8bbf\" data-id=\"37e8bbf\" data-element_type=\"column\" data-e-type=\"column\">\n\t\t\t<div class=\"elementor-widget-wrap elementor-element-populated\">\n\t\t\t\t\t\t<div class=\"elementor-element elementor-element-a520e3e elementor-widget elementor-widget-text-editor\" data-id=\"a520e3e\" data-element_type=\"widget\" data-e-type=\"widget\" data-widget_type=\"text-editor.default\">\n\t\t\t\t<div class=\"elementor-widget-container\">\n\t\t\t\t\t\t\t\t\t<pre style=\"font-variant-numeric: normal; font-variant-east-asian: normal; font-stretch: normal; font-size: 20px; line-height: normal; font-family: Arial, Helvetica, sans-serif; color: #171717; padding: 10px 5px 20px; margin-top: 0px; margin-bottom: 0px; background-color: #fafafa;\">Centro de Diagn\u00f3stico Plaza Italia<\/pre><p style=\"font-variant-numeric: normal; font-variant-east-asian: normal; font-stretch: normal; font-size: 12px; line-height: 1.8em; font-family: Arial, Helvetica, sans-serif; color: #898989; padding: 3px 5px; margin-top: 0px; margin-bottom: 0px; background-color: #fafafa;\" align=\"justify\">El diagn\u00f3stico por im\u00e1genes es una herramienta fundamental en la pr\u00e1ctica de la medicina actual. La variedad y complejidad de los diferentes m\u00e9todos ha aumentado vertiginosamente en los \u00faltimos 40 a\u00f1os.<\/p><p style=\"font-variant-numeric: normal; font-variant-east-asian: normal; font-stretch: normal; font-size: 12px; line-height: 1.8em; font-family: Arial, Helvetica, sans-serif; color: #898989; padding: 3px 5px; margin-top: 0px; margin-bottom: 0px; background-color: #fafafa;\" align=\"justify\">Cada vez los m\u00e9dicos cl\u00ednicos se apoyan m\u00e1s en las im\u00e1genes para tomar importantes decisiones terap\u00e9uticas, de ah\u00ed la importancia que el apoyo sea confiable, est\u00e9 al alcance del paciente y sea en el momento oportuno.<\/p><p style=\"font-variant-numeric: normal; font-variant-east-asian: normal; font-stretch: normal; font-size: 12px; line-height: 1.8em; font-family: Arial, Helvetica, sans-serif; color: #898989; padding: 3px 5px; margin-top: 0px; margin-bottom: 0px; background-color: #fafafa;\" align=\"justify\">La relaci\u00f3n m\u00e9dico paciente, cuya base es la confianza mutua, es otro factor importante. La medicina por esencia no puede ser masiva, impersonal, fr\u00eda o estar a la defensiva.<\/p><h2 style=\"font-variant-numeric: normal; font-variant-east-asian: normal; font-stretch: normal; font-size: 20px; line-height: normal; font-family: Arial, Helvetica, sans-serif; color: #171717; padding: 10px 5px 20px; margin-top: 0px; margin-bottom: 0px; background-color: #fafafa;\">Inicios\u00a0del\u00a0Centro de Diagn\u00f3stico Plaza Italia<\/h2><p style=\"font-variant-numeric: normal; font-variant-east-asian: normal; font-stretch: normal; font-size: 12px; line-height: 1.8em; font-family: Arial, Helvetica, sans-serif; color: #898989; padding: 3px 5px; margin-top: 0px; margin-bottom: 0px; background-color: #fafafa;\" align=\"justify\">Centro de Diagn\u00f3stico Plaza Italia, antes Ecotomograf\u00eda Galeno (1994-1998), comienza a atender en 1998. Los pacientes que acuden al centro en un principio son derivados por los m\u00e9dicos del Hospital del Salvador, poco a poco la calidad de nuestros ex\u00e1menes nos acerca a otros hospitales, consultorios y consultas m\u00e9dicas particulares. Nuestros pacientes recomiendan el centro con familiares y amigos.<\/p><p style=\"font-variant-numeric: normal; font-variant-east-asian: normal; font-stretch: normal; font-size: 12px; line-height: 1.8em; font-family: Arial, Helvetica, sans-serif; color: #898989; padding: 3px 5px; margin-top: 0px; margin-bottom: 0px; background-color: #fafafa;\" align=\"justify\">Lentamente y en forma responsable hemos ido creciendo, con la idea de mantenernos como un centro de buena calidad. La presencia permanente del m\u00e9dico radi\u00f3logo es sin duda uno de los pilares fundamentales de la buena atenci\u00f3n en cada uno de los ex\u00e1menes que realizamos.<\/p><h2 style=\"font-variant-numeric: normal; font-variant-east-asian: normal; font-stretch: normal; font-size: 20px; line-height: normal; font-family: Arial, Helvetica, sans-serif; color: #171717; padding: 10px 5px 20px; margin-top: 0px; margin-bottom: 0px; background-color: #fafafa;\">Tecnolog\u00eda de Punta y Precios Convenientes.<\/h2><p style=\"font-variant-numeric: normal; font-variant-east-asian: normal; font-stretch: normal; font-size: 12px; line-height: 1.8em; font-family: Arial, Helvetica, sans-serif; color: #898989; padding: 3px 5px; margin-top: 0px; margin-bottom: 0px; background-color: #fafafa;\" align=\"justify\">En las patolog\u00edas de alta prevalencia, la medicina p\u00fablica muchas veces carece de oportunidad del diagn\u00f3stico debiendo los pacientes esperar plazos inadecuadamente largos para ser atendidos por el especialista. Por otro lado, la mayor\u00eda de los procedimientos diagn\u00f3sticos en centros privados tienen un alto costo, inalcanzables para la mayor\u00eda.<\/p><p style=\"font-variant-numeric: normal; font-variant-east-asian: normal; font-stretch: normal; font-size: 12px; line-height: 1.8em; font-family: Arial, Helvetica, sans-serif; color: #898989; padding: 3px 5px; margin-top: 0px; margin-bottom: 0px; background-color: #fafafa;\" align=\"justify\">En\u00a0Centro de Diagn\u00f3stico Plaza Italia\u00a0estos procedimientos tienen precios accesibles e iguales para todos los pacientes, contando con equipo de alta tecnolog\u00eda y profesionales de excelencia, asegurando as\u00ed la calidad de su examen y su pronta entrega<\/p>\t\t\t\t\t\t\t\t<\/div>\n\t\t\t\t<\/div>\n\t\t\t\t\t<\/div>\n\t\t<\/div>\n\t\t\t\t\t<\/div>\n\t\t<\/section>\n\t\t\t\t<section class=\"elementor-section elementor-top-section elementor-element elementor-element-f8e68cd elementor-section-boxed elementor-section-height-default elementor-section-height-default\" data-id=\"f8e68cd\" data-element_type=\"section\" data-e-type=\"section\">\n\t\t\t\t\t\t<div class=\"elementor-container elementor-column-gap-default\">\n\t\t\t\t\t<div class=\"elementor-column elementor-col-100 elementor-top-column elementor-element elementor-element-dd08d26\" data-id=\"dd08d26\" data-element_type=\"column\" data-e-type=\"column\">\n\t\t\t<div class=\"elementor-widget-wrap elementor-element-populated\">\n\t\t\t\t\t\t<div class=\"elementor-element elementor-element-f35b701 elementor-widget elementor-widget-image\" data-id=\"f35b701\" data-element_type=\"widget\" data-e-type=\"widget\" data-widget_type=\"image.default\">\n\t\t\t\t<div class=\"elementor-widget-container\">\n\t\t\t\t\t\t\t\t\t\t\t\t\t\t\t<img decoding=\"async\" width=\"665\" height=\"236\" src=\"https:\/\/centroplazaitalia.cl\/wordpress\/wp-content\/uploads\/2020\/03\/simple_3.jpg\" class=\"attachment-large size-large wp-image-223\" alt=\"\" srcset=\"https:\/\/centroplazaitalia.cl\/wordpress\/wp-content\/uploads\/2020\/03\/simple_3.jpg 960w, https:\/\/centroplazaitalia.cl\/wordpress\/wp-content\/uploads\/2020\/03\/simple_3-300x107.jpg 300w, https:\/\/centroplazaitalia.cl\/wordpress\/wp-content\/uploads\/2020\/03\/simple_3-768x273.jpg 768w, https:\/\/centroplazaitalia.cl\/wordpress\/wp-content\/uploads\/2020\/03\/simple_3-660x234.jpg 660w\" sizes=\"(max-width: 665px) 100vw, 665px\" \/>\t\t\t\t\t\t\t\t\t\t\t\t\t\t\t<\/div>\n\t\t\t\t<\/div>\n\t\t\t\t\t<\/div>\n\t\t<\/div>\n\t\t\t\t\t<\/div>\n\t\t<\/section>\n\t\t\t\t<\/div>\n\t\t","protected":false},"excerpt":{"rendered":"<p>Centro de Diagn\u00f3stico Plaza Italia El diagn\u00f3stico por im\u00e1genes es una herramienta fundamental en la pr\u00e1ctica de la medicina actual. La variedad y complejidad de los diferentes m\u00e9todos ha aumentado vertiginosamente en los \u00faltimos 40 a\u00f1os. Cada vez los m\u00e9dicos cl\u00ednicos se apoyan m\u00e1s en las im\u00e1genes para tomar importantes decisiones terap\u00e9uticas, de ah\u00ed la\u2026 <span class=\"read-more\"><a href=\"https:\/\/centroplazaitalia.cl\/wordpress\/index.php\/sobre-nosotros\/\">Read More &raquo;<\/a><\/span><\/p>\n","protected":false},"author":1,"featured_media":0,"parent":0,"menu_order":0,"comment_status":"closed","ping_status":"closed","template":"","meta":{"footnotes":""},"class_list":["post-12","page","type-page","status-publish","hentry"],"jetpack_sharing_enabled":true,"_links":{"self":[{"href":"https:\/\/centroplazaitalia.cl\/wordpress\/index.php\/wp-json\/wp\/v2\/pages\/12","targetHints":{"allow":["GET"]}}],"collection":[{"href":"https:\/\/centroplazaitalia.cl\/wordpress\/index.php\/wp-json\/wp\/v2\/pages"}],"about":[{"href":"https:\/\/centroplazaitalia.cl\/wordpress\/index.php\/wp-json\/wp\/v2\/types\/page"}],"author":[{"embeddable":true,"href":"https:\/\/centroplazaitalia.cl\/wordpress\/index.php\/wp-json\/wp\/v2\/users\/1"}],"replies":[{"embeddable":true,"href":"https:\/\/centroplazaitalia.cl\/wordpress\/index.php\/wp-json\/wp\/v2\/comments?post=12"}],"version-history":[{"count":11,"href":"https:\/\/centroplazaitalia.cl\/wordpress\/index.php\/wp-json\/wp\/v2\/pages\/12\/revisions"}],"predecessor-version":[{"id":226,"href":"https:\/\/centroplazaitalia.cl\/wordpress\/index.php\/wp-json\/wp\/v2\/pages\/12\/revisions\/226"}],"wp:attachment":[{"href":"https:\/\/centroplazaitalia.cl\/wordpress\/index.php\/wp-json\/wp\/v2\/media?parent=12"}],"curies":[{"name":"wp","href":"https:\/\/api.w.org\/{rel}","templated":true}]}}