{"id":10,"date":"2020-03-04T16:26:49","date_gmt":"2020-03-04T19:26:49","guid":{"rendered":"http:\/\/centroplazaitalia.cl\/wordpress\/?page_id=10"},"modified":"2020-03-05T16:38:00","modified_gmt":"2020-03-05T19:38:00","slug":"servicios","status":"publish","type":"page","link":"https:\/\/centroplazaitalia.cl\/wordpress\/index.php\/servicios\/","title":{"rendered":"Servicios"},"content":{"rendered":"\n<p>Diagn\u00f3stico <strong>radiogr\u00e1fico<\/strong> con tecnolog\u00eda digital<\/p>\n\n\n\n<ul class=\"wp-block-list\"><li><a href=\"https:\/\/centroplazaitalia.cl\/wordpress\/index.php\/radiografias\/\">Cabeza<\/a><\/li><li><a href=\"https:\/\/centroplazaitalia.cl\/wordpress\/index.php\/radiografias\/\">T\u00f3rax<\/a><\/li><li><a href=\"https:\/\/centroplazaitalia.cl\/wordpress\/index.php\/radiografias\/\">Extremidades superiores<\/a><\/li><li><a href=\"https:\/\/centroplazaitalia.cl\/wordpress\/index.php\/radiografias\/\">Abdomen<\/a><\/li><li><a href=\"https:\/\/centroplazaitalia.cl\/wordpress\/index.php\/radiografias\/\">AP urogenital<\/a><\/li><li><a href=\"https:\/\/centroplazaitalia.cl\/wordpress\/index.php\/radiografias\/\">Extremidades inferiores<\/a><\/li><li><a href=\"https:\/\/centroplazaitalia.cl\/wordpress\/index.php\/radiografias\/\">Columna vertebral<\/a><\/li><\/ul>\n\n\n\n<p><\/p>\n\n\n\n<p>Diagn\u00f3stico <strong>mamario<\/strong> con tecnolog\u00eda digital<\/p>\n\n\n\n<ul class=\"wp-block-list\"><li><a href=\"https:\/\/centroplazaitalia.cl\/wordpress\/index.php\/mamografias\/\">Mamograf\u00eda<\/a><\/li><li><a href=\"https:\/\/centroplazaitalia.cl\/wordpress\/index.php\/ecografias\/\">Ecograf\u00eda mamaria<\/a><\/li><li><a href=\"https:\/\/centroplazaitalia.cl\/wordpress\/index.php\/mamografias\/\">Marcaciones preoperatorias<\/a><\/li><\/ul>\n\n\n\n<p><\/p>\n\n\n\n<p>Diagn\u00f3stico <strong>tiroideo<\/strong><\/p>\n\n\n\n<ul class=\"wp-block-list\"><li><a href=\"https:\/\/centroplazaitalia.cl\/wordpress\/index.php\/ecografias\/\">Ecograf\u00eda tiroidea <\/a><\/li><li><a href=\"https:\/\/centroplazaitalia.cl\/wordpress\/index.php\/mamografias\/\">Etapificaci\u00f3n preoperatoria <\/a><\/li><li><a href=\"https:\/\/centroplazaitalia.cl\/wordpress\/index.php\/ecografias\/\">Seguimiento de c\u00e1ncer tiro\u00eddeo operado.<\/a><\/li><\/ul>\n\n\n\n<p><\/p>\n\n\n\n<p>Otros ex\u00e1menes<\/p>\n\n\n\n<ul class=\"wp-block-list\"><li><a href=\"https:\/\/centroplazaitalia.cl\/wordpress\/index.php\/densitometria-osea\/\">Densitometr\u00eda \u00f3sea<\/a><\/li><li><a href=\"https:\/\/centroplazaitalia.cl\/wordpress\/index.php\/doppler-color\/\">Doppler color<\/a><\/li><\/ul>\n\n\n\n<p><\/p>\n\n\n\n<p><strong>Biopsia <\/strong>bajo ecograf\u00eda<\/p>\n\n\n\n<ul class=\"wp-block-list\"><li><a href=\"https:\/\/centroplazaitalia.cl\/wordpress\/index.php\/biopsias\/\">Biopsia CORE<\/a><\/li><li><a href=\"https:\/\/centroplazaitalia.cl\/wordpress\/index.php\/biopsias\/\">PAAF bajo ecograf\u00eda<\/a> <\/li><\/ul>\n\n\n\n<p><\/p>\n\n\n\n<p>Procedimientos <strong>m\u00ednimamente invasivos<\/strong> (\u00fanico centro en Am\u00e9rica)<\/p>\n\n\n\n<ul class=\"wp-block-list\"><li><a href=\"https:\/\/centroplazaitalia.cl\/wordpress\/index.php\/tratamientos-minimamente-invasivos\/\">Ablaci\u00f3n de n\u00f3dulos tiroideos benignos con radiofrecuencia<\/a> <\/li><li><a href=\"https:\/\/centroplazaitalia.cl\/servicios.html#\">Ablaci\u00f3n por etanol<\/a> <\/li><\/ul>\n\n\n\n<p><\/p>\n\n\n\n<p>El paciente debe traer<\/p>\n\n\n\n<ul class=\"wp-block-list\"><li>Carnet de Identidad<\/li><li>Orden M\u00e9dica<\/li><li>Ex\u00e1menes Anteriores<\/li><\/ul>\n","protected":false},"excerpt":{"rendered":"<p>Diagn\u00f3stico radiogr\u00e1fico con tecnolog\u00eda digital Cabeza T\u00f3rax Extremidades superiores Abdomen AP urogenital Extremidades inferiores Columna vertebral Diagn\u00f3stico mamario con tecnolog\u00eda digital Mamograf\u00eda Ecograf\u00eda mamaria Marcaciones preoperatorias Diagn\u00f3stico tiroideo Ecograf\u00eda tiroidea Etapificaci\u00f3n preoperatoria Seguimiento de c\u00e1ncer tiro\u00eddeo operado. Otros ex\u00e1menes Densitometr\u00eda \u00f3sea Doppler color Biopsia bajo ecograf\u00eda Biopsia CORE PAAF bajo ecograf\u00eda Procedimientos m\u00ednimamente invasivos (\u00fanico\u2026 <span class=\"read-more\"><a href=\"https:\/\/centroplazaitalia.cl\/wordpress\/index.php\/servicios\/\">Read More &raquo;<\/a><\/span><\/p>\n","protected":false},"author":1,"featured_media":0,"parent":0,"menu_order":0,"comment_status":"closed","ping_status":"closed","template":"","meta":{"footnotes":""},"class_list":["post-10","page","type-page","status-publish","hentry"],"jetpack_sharing_enabled":true,"_links":{"self":[{"href":"https:\/\/centroplazaitalia.cl\/wordpress\/index.php\/wp-json\/wp\/v2\/pages\/10","targetHints":{"allow":["GET"]}}],"collection":[{"href":"https:\/\/centroplazaitalia.cl\/wordpress\/index.php\/wp-json\/wp\/v2\/pages"}],"about":[{"href":"https:\/\/centroplazaitalia.cl\/wordpress\/index.php\/wp-json\/wp\/v2\/types\/page"}],"author":[{"embeddable":true,"href":"https:\/\/centroplazaitalia.cl\/wordpress\/index.php\/wp-json\/wp\/v2\/users\/1"}],"replies":[{"embeddable":true,"href":"https:\/\/centroplazaitalia.cl\/wordpress\/index.php\/wp-json\/wp\/v2\/comments?post=10"}],"version-history":[{"count":15,"href":"https:\/\/centroplazaitalia.cl\/wordpress\/index.php\/wp-json\/wp\/v2\/pages\/10\/revisions"}],"predecessor-version":[{"id":177,"href":"https:\/\/centroplazaitalia.cl\/wordpress\/index.php\/wp-json\/wp\/v2\/pages\/10\/revisions\/177"}],"wp:attachment":[{"href":"https:\/\/centroplazaitalia.cl\/wordpress\/index.php\/wp-json\/wp\/v2\/media?parent=10"}],"curies":[{"name":"wp","href":"https:\/\/api.w.org\/{rel}","templated":true}]}}